{"id":4025,"date":"2024-10-06T06:07:28","date_gmt":"2024-10-06T04:07:28","guid":{"rendered":"https:\/\/posicionati.com\/?page_id=4025"},"modified":"2025-10-10T22:12:11","modified_gmt":"2025-10-10T20:12:11","slug":"politica-de-cookies","status":"publish","type":"page","link":"https:\/\/posicionati.com\/en\/politica-de-cookies\/","title":{"rendered":"Cookie Policy"},"content":{"rendered":"<style>.elementor-4025 .elementor-element.elementor-element-d9ecf7e:not(.elementor-motion-effects-element-type-background), .elementor-4025 .elementor-element.elementor-element-d9ecf7e > .elementor-motion-effects-container > .elementor-motion-effects-layer{background-color:var( --e-global-color-66f3fba );}.elementor-4025 .elementor-element.elementor-element-d9ecf7e{transition:background 0.3s, border 0.3s, border-radius 0.3s, box-shadow 0.3s;margin-top:0px;margin-bottom:0px;padding:0px 0px 0px 0px;}.elementor-4025 .elementor-element.elementor-element-d9ecf7e > .elementor-background-overlay{transition:background 0.3s, border-radius 0.3s, opacity 0.3s;}.elementor-4025 .elementor-element.elementor-element-015e6ca .elementor-background-slideshow__slide__image{background-position:bottom left;}.elementor-4025 .elementor-element.elementor-element-015e6ca > .elementor-element-populated{transition:background 0.3s, border 0.3s, border-radius 0.3s, box-shadow 0.3s;}.elementor-4025 .elementor-element.elementor-element-015e6ca > .elementor-element-populated > .elementor-background-overlay{transition:background 0.3s, border-radius 0.3s, opacity 0.3s;}.elementor-4025 .elementor-element.elementor-element-c0e3443{padding:60px 0px 20px 0px;}.elementor-4025 .elementor-element.elementor-element-6f8c5b5 > .elementor-element-populated{margin:50px 0px 0px 0px;--e-column-margin-right:0px;--e-column-margin-left:0px;}.elementor-4025 .elementor-element.elementor-element-6a0b538{text-align:start;}.elementor-4025 .elementor-element.elementor-element-6a0b538 .elementor-heading-title{color:var( --e-global-color-primary );}.elementor-4025 .elementor-element.elementor-element-fdb6ebf{--divider-border-style:solid;--divider-color:var( --e-global-color-1fc2fad );--divider-border-width:1px;}.elementor-4025 .elementor-element.elementor-element-fdb6ebf .elementor-divider-separator{width:100%;}.elementor-4025 .elementor-element.elementor-element-fdb6ebf .elementor-divider{padding-block-start:15px;padding-block-end:15px;}.elementor-4025 .elementor-element.elementor-element-fdb6ebf > .elementor-widget-container{margin:30px 0px 0px 0px;}.elementor-4025 .elementor-element.elementor-element-6c4e7f0{--display:flex;--margin-top:0px;--margin-bottom:0px;--margin-left:0px;--margin-right:0px;--padding-top:50px;--padding-bottom:50px;--padding-left:0px;--padding-right:0px;}.elementor-4025 .elementor-element.elementor-element-41f15b7{font-family:\"Roboto\", Sans-serif;color:var( --e-global-color-66f3fba );}@media(max-width:1024px){.elementor-4025 .elementor-element.elementor-element-d9ecf7e{margin-top:0px;margin-bottom:0px;padding:0px 30px 0px 30px;}.elementor-4025 .elementor-element.elementor-element-015e6ca > .elementor-element-populated{margin:0px 0px 0px 0px;--e-column-margin-right:0px;--e-column-margin-left:0px;padding:0px 0px 0px 0px;}.elementor-4025 .elementor-element.elementor-element-fdb6ebf .elementor-divider{padding-block-start:0px;padding-block-end:0px;}.elementor-4025 .elementor-element.elementor-element-fdb6ebf > .elementor-widget-container{margin:30px 0px 0px 0px;padding:0px 0px 0px 0px;}}@media(max-width:767px){.elementor-4025 .elementor-element.elementor-element-d9ecf7e{padding:0px 20px 20px 20px;}.elementor-4025 .elementor-element.elementor-element-015e6ca .elementor-background-slideshow__slide__image{background-size:cover;background-position:bottom right;}}<\/style>\t\t<div data-elementor-type=\"wp-page\" data-elementor-id=\"4025\" class=\"elementor elementor-4025\" data-elementor-post-type=\"page\">\n\t\t\t\t\t\t<section class=\"elementor-section elementor-top-section elementor-element elementor-element-d9ecf7e elementor-section-boxed elementor-section-height-default elementor-section-height-default\" data-id=\"d9ecf7e\" data-element_type=\"section\" data-e-type=\"section\" data-settings=\"{&quot;background_background&quot;:&quot;classic&quot;}\">\n\t\t\t\t\t\t<div class=\"elementor-container elementor-column-gap-default\">\n\t\t\t\t\t<div class=\"elementor-column elementor-col-100 elementor-top-column elementor-element elementor-element-015e6ca\" data-id=\"015e6ca\" data-element_type=\"column\" data-e-type=\"column\" data-settings=\"{&quot;background_background&quot;:&quot;slideshow&quot;,&quot;background_slideshow_gallery&quot;:[{&quot;id&quot;:2871,&quot;url&quot;:&quot;https:\\\/\\\/posicionati.com\\\/wp-content\\\/uploads\\\/2024\\\/09\\\/3FONDO-1.webp&quot;},{&quot;id&quot;:2870,&quot;url&quot;:&quot;https:\\\/\\\/posicionati.com\\\/wp-content\\\/uploads\\\/2024\\\/09\\\/2FONDO-1.webp&quot;},{&quot;id&quot;:2869,&quot;url&quot;:&quot;https:\\\/\\\/posicionati.com\\\/wp-content\\\/uploads\\\/2024\\\/09\\\/1FONDO-1.webp&quot;}],&quot;background_slideshow_lazyload&quot;:&quot;yes&quot;,&quot;background_slideshow_loop&quot;:&quot;yes&quot;,&quot;background_slideshow_slide_duration&quot;:5000,&quot;background_slideshow_slide_transition&quot;:&quot;fade&quot;,&quot;background_slideshow_transition_duration&quot;:500}\">\n\t\t\t<div class=\"elementor-widget-wrap elementor-element-populated\">\n\t\t\t\t\t\t<section class=\"elementor-section elementor-inner-section elementor-element elementor-element-c0e3443 elementor-section-boxed elementor-section-height-default elementor-section-height-default\" data-id=\"c0e3443\" data-element_type=\"section\" data-e-type=\"section\">\n\t\t\t\t\t\t<div class=\"elementor-container elementor-column-gap-default\">\n\t\t\t\t\t<div class=\"elementor-column elementor-col-100 elementor-inner-column elementor-element elementor-element-6f8c5b5\" data-id=\"6f8c5b5\" data-element_type=\"column\" data-e-type=\"column\">\n\t\t\t<div class=\"elementor-widget-wrap elementor-element-populated\">\n\t\t\t\t\t\t<div class=\"elementor-element elementor-element-6a0b538 elementor-widget elementor-widget-heading\" data-id=\"6a0b538\" data-element_type=\"widget\" data-e-type=\"widget\" data-widget_type=\"heading.default\">\n\t\t\t\t<div class=\"elementor-widget-container\">\n\t\t\t\t\t<h2 class=\"elementor-heading-title elementor-size-default\">Pol\u00edtica de Cookies<\/h2>\t\t\t\t<\/div>\n\t\t\t\t<\/div>\n\t\t\t\t<div class=\"elementor-element elementor-element-fdb6ebf elementor-widget-divider--view-line elementor-widget elementor-widget-divider\" data-id=\"fdb6ebf\" data-element_type=\"widget\" data-e-type=\"widget\" data-widget_type=\"divider.default\">\n\t\t\t\t<div class=\"elementor-widget-container\">\n\t\t\t\t\t\t\t<div class=\"elementor-divider\">\n\t\t\t<span class=\"elementor-divider-separator\">\n\t\t\t\t\t\t<\/span>\n\t\t<\/div>\n\t\t\t\t\t\t<\/div>\n\t\t\t\t<\/div>\n\t\t\t\t\t<\/div>\n\t\t<\/div>\n\t\t\t\t\t<\/div>\n\t\t<\/section>\n\t\t\t\t\t<\/div>\n\t\t<\/div>\n\t\t\t\t\t<\/div>\n\t\t<\/section>\n\t\t<div class=\"elementor-element elementor-element-6c4e7f0 e-flex e-con-boxed e-con e-parent\" data-id=\"6c4e7f0\" data-element_type=\"container\" data-e-type=\"container\">\n\t\t\t\t\t<div class=\"e-con-inner\">\n\t\t\t\t<div class=\"elementor-element elementor-element-41f15b7 elementor-widget elementor-widget-text-editor\" data-id=\"41f15b7\" data-element_type=\"widget\" data-e-type=\"widget\" data-widget_type=\"text-editor.default\">\n\t\t\t\t<div class=\"elementor-widget-container\">\n\t\t\t\t\t\t\t\t\t<div class=\"elementor-element elementor-element-62279b0 elementor-widget elementor-widget-text-editor\" data-id=\"62279b0\" data-element_type=\"widget\" data-widget_type=\"text-editor.default\"><div class=\"elementor-widget-container\"><p><span style=\"color: #000000;\">En esta web recopilo y utilizo la informaci\u00f3n seg\u00fan indico en mi pol\u00edtica de privacidad. Una de las formas en las que recopil\u00f3 informaci\u00f3n es a trav\u00e9s del uso de la tecnolog\u00eda llamada \u201ccookies\u201d. En Irene Parejo, se utilizan cookies para varias cosas.<\/span><\/p><\/div><\/div><div class=\"elementor-element elementor-element-77f6e20 elementor-widget elementor-widget-heading\" data-id=\"77f6e20\" data-element_type=\"widget\" data-widget_type=\"heading.default\"><div class=\"elementor-widget-container\"><h2 class=\"elementor-heading-title elementor-size-default\"><span style=\"color: #000000;\">\u00bfQu\u00e9 es una cookie?<\/span><\/h2><\/div><\/div><div class=\"elementor-element elementor-element-d223c71 elementor-widget elementor-widget-text-editor\" data-id=\"d223c71\" data-element_type=\"widget\" data-widget_type=\"text-editor.default\"><div class=\"elementor-widget-container\"><p><span style=\"color: #000000;\">Las cookies son peque\u00f1os archivos de texto que las p\u00e1ginas web pueden utilizar para hacer m\u00e1s eficiente la experiencia del usuario.<\/span><\/p><p><span style=\"color: #000000;\">La ley afirma que podemos almacenar cookies en su dispositivo si son estrictamente necesarias para el funcionamiento de esta p\u00e1gina. Para todos los dem\u00e1s tipos de cookies necesitamos su permiso.<\/span><\/p><p><span style=\"color: #000000;\">Esta p\u00e1gina utiliza tipos diferentes de cookies. Algunas cookies son colocadas por servicios de terceros que aparecen en nuestras p\u00e1ginas.<\/span><\/p><\/div><\/div><div class=\"elementor-element elementor-element-90b54ea elementor-widget elementor-widget-heading\" data-id=\"90b54ea\" data-element_type=\"widget\" data-widget_type=\"heading.default\"><div class=\"elementor-widget-container\"><h2 class=\"elementor-heading-title elementor-size-default\"><span style=\"color: #000000;\">\u00bfQu\u00e9 tipo de cookies uso?<\/span><\/h2><\/div><\/div><div class=\"elementor-element elementor-element-b7b5ff8 elementor-widget elementor-widget-heading\" data-id=\"b7b5ff8\" data-element_type=\"widget\" data-widget_type=\"heading.default\"><div class=\"elementor-widget-container\"><h2 class=\"elementor-heading-title elementor-size-default\"><span style=\"color: #000000;\">Necesario (3)<\/span><\/h2><\/div><\/div><div class=\"elementor-element elementor-element-df4c2d9 elementor-widget elementor-widget-text-editor\" data-id=\"df4c2d9\" data-element_type=\"widget\" data-widget_type=\"text-editor.default\"><div class=\"elementor-widget-container\"><p><span style=\"color: #000000;\">Las cookies necesarias ayudan a hacer una p\u00e1gina web utilizable activando funciones b\u00e1sicas como la navegaci\u00f3n en la p\u00e1gina y el acceso a \u00e1reas seguras de la p\u00e1gina web. La p\u00e1gina web no puede funcionar adecuadamente sin estas cookies.<\/span><\/p><\/div><\/div><div class=\"elementor-element elementor-element-73a553e premium-table-dir-ltr elementor-widget elementor-widget-premium-tables-addon\" data-id=\"73a553e\" data-element_type=\"widget\" data-widget_type=\"premium-tables-addon.default\"><div class=\"elementor-widget-container\"><div class=\"premium-table-wrap\"><table class=\"premium-table\" data-settings=\"{&quot;sort&quot;:false,&quot;usNumbers&quot;:false,&quot;sortMob&quot;:false,&quot;search&quot;:false,&quot;records&quot;:false,&quot;dataType&quot;:&quot;custom&quot;,&quot;csvFile&quot;:null,&quot;firstRow&quot;:null,&quot;separator&quot;:null,&quot;pagination&quot;:&quot;&quot;,&quot;rows&quot;:0}\"><thead class=\"premium-table-head\"><tr class=\"premium-table-row\"><th class=\"premium-table-cell elementor-repeater-item-70ca8c6\"><span class=\"premium-table-text\" style=\"color: #000000;\">Nombre<\/span><\/th><th class=\"premium-table-cell elementor-repeater-item-2cbb611\"><span class=\"premium-table-text\" style=\"color: #000000;\">Proveedor<\/span><\/th><th class=\"premium-table-cell elementor-repeater-item-be3033c\"><span class=\"premium-table-text\" style=\"color: #000000;\">Prop\u00f3sito<\/span><\/th><th class=\"premium-table-cell elementor-repeater-item-cdf12dd\"><span class=\"premium-table-text\" style=\"color: #000000;\">Caducidad<\/span><\/th><th class=\"premium-table-cell elementor-repeater-item-171da23\"><span class=\"premium-table-text\" style=\"color: #000000;\">Tipo<\/span><\/th><\/tr><\/thead><tbody class=\"premium-table-body\"><tr class=\"premium-table-row elementor-repeater-item-4d33f9b\"><td class=\"premium-table-cell elementor-repeater-item-f4eb240\"><span class=\"premium-table-text\" style=\"color: #000000;\">elementor<\/span><\/td><td class=\"premium-table-cell elementor-repeater-item-8665c87\"><span class=\"premium-table-text\" style=\"color: #000000;\">https:\/\/ireneparejo.com\/<\/span><\/td><td class=\"premium-table-cell elementor-repeater-item-c956f77\"><span class=\"premium-table-text\" style=\"color: #000000;\">Utilizada en relaci\u00f3n al tema de WordPress de la web. La cookie permite al propietario de la web implementar o cambiar el contenido de la web en tiempo real.<\/span><\/td><td class=\"premium-table-cell elementor-repeater-item-03158fb\"><span class=\"premium-table-text\" style=\"color: #000000;\">Persistente<\/span><\/td><td class=\"premium-table-cell elementor-repeater-item-facc77d\"><span class=\"premium-table-text\" style=\"color: #000000;\">HTTP Local Storage<\/span><\/td><\/tr><tr class=\"premium-table-row elementor-repeater-item-b402c5f\"><td class=\"premium-table-cell elementor-repeater-item-61bd6a3\"><span class=\"premium-table-text\" style=\"color: #000000;\">rc::a<\/span><\/td><td class=\"premium-table-cell elementor-repeater-item-4092112\"><span class=\"premium-table-text\" style=\"color: #000000;\">Google<\/span><\/td><td class=\"premium-table-cell elementor-repeater-item-7433fea\"><span class=\"premium-table-text\" style=\"color: #000000;\">Esta cookie se utiliza para distinguir entre humanos y bots. Esto es beneficioso para la web con el objeto de elaborar informes v\u00e1lidos sobre el uso de su web.<\/span><\/td><td class=\"premium-table-cell elementor-repeater-item-dc4d51d\"><span class=\"premium-table-text\" style=\"color: #000000;\">Persistente<\/span><\/td><td class=\"premium-table-cell elementor-repeater-item-11993d5\"><span class=\"premium-table-text\" style=\"color: #000000;\">HTML Local Storage<\/span><\/td><\/tr><tr class=\"premium-table-row elementor-repeater-item-d527d23\"><td class=\"premium-table-cell elementor-repeater-item-baebdaf\"><span class=\"premium-table-text\" style=\"color: #000000;\">rc::c<\/span><\/td><td class=\"premium-table-cell elementor-repeater-item-2bf14a8\"><span class=\"premium-table-text\" style=\"color: #000000;\">Google<\/span><\/td><td class=\"premium-table-cell elementor-repeater-item-173c6f0\"><span class=\"premium-table-text\" style=\"color: #000000;\">Esta cookie se utiliza para distinguir entre humanos y bots<\/span><\/td><td class=\"premium-table-cell elementor-repeater-item-ea590da\"><span class=\"premium-table-text\" style=\"color: #000000;\">Sesi\u00f3n<\/span><\/td><td class=\"premium-table-cell elementor-repeater-item-c603b67\"><span class=\"premium-table-text\" style=\"color: #000000;\">HTML Local Storage<\/span><\/td><\/tr><\/tbody><\/table><\/div><\/div><\/div><div class=\"elementor-element elementor-element-ba04267 elementor-widget elementor-widget-heading\" data-id=\"ba04267\" data-element_type=\"widget\" data-widget_type=\"heading.default\"><div class=\"elementor-widget-container\"><h2 class=\"elementor-heading-title elementor-size-default\"><span style=\"color: #000000;\">Estadistica (3)<\/span><\/h2><\/div><\/div><div class=\"elementor-element elementor-element-0c12b0a elementor-widget elementor-widget-text-editor\" data-id=\"0c12b0a\" data-element_type=\"widget\" data-widget_type=\"text-editor.default\"><div class=\"elementor-widget-container\"><p><span style=\"color: #000000;\">Las cookies estad\u00edsticas ayudan a los propietarios de p\u00e1ginas web a comprender c\u00f3mo interact\u00faan los visitantes con las p\u00e1ginas web reuniendo y proporcionando informaci\u00f3n de forma an\u00f3nima.<\/span><\/p><\/div><\/div><div class=\"elementor-element elementor-element-654494e premium-table-dir-ltr elementor-widget elementor-widget-premium-tables-addon\" data-id=\"654494e\" data-element_type=\"widget\" data-widget_type=\"premium-tables-addon.default\"><div class=\"elementor-widget-container\"><div class=\"premium-table-wrap\"><table class=\"premium-table\" data-settings=\"{&quot;sort&quot;:false,&quot;usNumbers&quot;:false,&quot;sortMob&quot;:false,&quot;search&quot;:false,&quot;records&quot;:false,&quot;dataType&quot;:&quot;custom&quot;,&quot;csvFile&quot;:null,&quot;firstRow&quot;:null,&quot;separator&quot;:null,&quot;pagination&quot;:&quot;&quot;,&quot;rows&quot;:0}\"><thead class=\"premium-table-head\"><tr class=\"premium-table-row\"><th class=\"premium-table-cell elementor-repeater-item-70ca8c6\"><span class=\"premium-table-text\" style=\"color: #000000;\">Nombre<\/span><\/th><th class=\"premium-table-cell elementor-repeater-item-2cbb611\"><span class=\"premium-table-text\" style=\"color: #000000;\">Proveedor<\/span><\/th><th class=\"premium-table-cell elementor-repeater-item-be3033c\"><span class=\"premium-table-text\" style=\"color: #000000;\">Prop\u00f3sito<\/span><\/th><th class=\"premium-table-cell elementor-repeater-item-cdf12dd\"><span class=\"premium-table-text\" style=\"color: #000000;\">Caducidad<\/span><\/th><th class=\"premium-table-cell elementor-repeater-item-171da23\"><span class=\"premium-table-text\" style=\"color: #000000;\">Tipo<\/span><\/th><\/tr><\/thead><tbody class=\"premium-table-body\"><tr class=\"premium-table-row elementor-repeater-item-4d33f9b\"><td class=\"premium-table-cell elementor-repeater-item-f4eb240\"><span class=\"premium-table-text\" style=\"color: #000000;\">_ga<\/span><\/td><td class=\"premium-table-cell elementor-repeater-item-8665c87\"><span class=\"premium-table-text\" style=\"color: #000000;\">Google Tag Manager<\/span><\/td><td class=\"premium-table-cell elementor-repeater-item-c956f77\"><span class=\"premium-table-text\" style=\"color: #000000;\">Registra una identificaci\u00f3n \u00fanica que se utiliza para generar datos estad\u00edsticos acerca de c\u00f3mo utiliza el visitante el sitio web.<\/span><\/td><td class=\"premium-table-cell elementor-repeater-item-03158fb\"><span class=\"premium-table-text\" style=\"color: #000000;\">2 a\u00f1os<\/span><\/td><td class=\"premium-table-cell elementor-repeater-item-facc77d\"><span class=\"premium-table-text\" style=\"color: #000000;\">HTTP Cookie<\/span><\/td><\/tr><tr class=\"premium-table-row elementor-repeater-item-b402c5f\"><td class=\"premium-table-cell elementor-repeater-item-61bd6a3\"><span class=\"premium-table-text\" style=\"color: #000000;\">_gat<\/span><\/td><td class=\"premium-table-cell elementor-repeater-item-4092112\"><span class=\"premium-table-text\" style=\"color: #000000;\">Google Tag Manager<\/span><\/td><td class=\"premium-table-cell elementor-repeater-item-7433fea\"><span class=\"premium-table-text\" style=\"color: #000000;\">Utilizado por Google Analytics para controlar la tasa de peticiones<\/span><\/td><td class=\"premium-table-cell elementor-repeater-item-dc4d51d\"><span class=\"premium-table-text\" style=\"color: #000000;\">1 d\u00eda<\/span><\/td><td class=\"premium-table-cell elementor-repeater-item-11993d5\"><span class=\"premium-table-text\" style=\"color: #000000;\">HTTP Cookie<\/span><\/td><\/tr><tr class=\"premium-table-row elementor-repeater-item-d527d23\"><td class=\"premium-table-cell elementor-repeater-item-baebdaf\"><span class=\"premium-table-text\" style=\"color: #000000;\">_gid<\/span><\/td><td class=\"premium-table-cell elementor-repeater-item-2bf14a8\"><span class=\"premium-table-text\" style=\"color: #000000;\">Google Tag Manager<\/span><\/td><td class=\"premium-table-cell elementor-repeater-item-173c6f0\"><span class=\"premium-table-text\" style=\"color: #000000;\">Registra una identificaci\u00f3n \u00fanica que se utiliza para generar datos estad\u00edsticos acerca de c\u00f3mo utiliza el visitante el sitio web.<\/span><\/td><td class=\"premium-table-cell elementor-repeater-item-ea590da\"><span class=\"premium-table-text\" style=\"color: #000000;\">1 d\u00eda<\/span><\/td><td class=\"premium-table-cell elementor-repeater-item-c603b67\"><span class=\"premium-table-text\" style=\"color: #000000;\">HTTP Cookie<\/span><\/td><\/tr><\/tbody><\/table><\/div><\/div><\/div><div class=\"elementor-element elementor-element-b1c3697 elementor-widget elementor-widget-text-editor\" data-id=\"b1c3697\" data-element_type=\"widget\" data-widget_type=\"text-editor.default\"><div class=\"elementor-widget-container\"><h3><span style=\"color: #000000;\">\u00bfSe pueden eliminar las cookies?<\/span><\/h3><p><span style=\"color: #000000;\">S\u00ed, y no s\u00f3lo eliminar, tambi\u00e9n bloquear, de forma general o particular para un dominio espec\u00edfico.<\/span><br \/><span style=\"color: #000000;\">Para eliminar las cookies de un sitio web debe ir a la configuraci\u00f3n de su navegador y all\u00ed podr\u00e1 buscar las asociadas al dominio en cuesti\u00f3n y proceder a su eliminaci\u00f3n.<\/span><\/p><ul><li><span style=\"color: #000000;\">Configuraci\u00f3n de cookies para\u00a0<a style=\"color: #000000;\" href=\"https:\/\/support.google.com\/chrome\/answer\/95647?hl=es\" target=\"_blank\" rel=\"noopener\">Google Chrome<\/a><\/span><\/li><li><span style=\"color: #000000;\">Configuraci\u00f3n de cookies para\u00a0<a style=\"color: #000000;\" href=\"https:\/\/support.apple.com\/es-es\/HT201265\" target=\"_blank\" rel=\"noopener\">Apple Safari<\/a><\/span><\/li><li><span style=\"color: #000000;\">Configuraci\u00f3n de cookies para\u00a0<a style=\"color: #000000;\" href=\"https:\/\/support.microsoft.com\/en-us\/help\/17442\/windows-internet-explorer-delete-manage-cookies#ie=ie-10\" target=\"_blank\" rel=\"noopener\">Internet Explorer<\/a><\/span><\/li><li><span style=\"color: #000000;\">Configuraci\u00f3n de cookies para\u00a0<a style=\"color: #000000;\" href=\"https:\/\/support.mozilla.org\/es\/kb\/habilitar-y-deshabilitar-cookies-sitios-web-rastrear-preferencias?redirectlocale=es&amp;redirectslug=habilitar-y-deshabilitar-cookies-que-los-sitios-we\" target=\"_blank\" rel=\"noopener\">Mozilla Firefox<\/a><\/span><\/li><\/ul><h3>\u00a0<\/h3><h3><span style=\"color: #000000;\">M\u00e1s informaci\u00f3n sobre las cookies<\/span><\/h3><p><span style=\"color: #000000;\">Puedes consultar el reglamento sobre cookies publicado por la Agencia Espa\u00f1ola de Protecci\u00f3n de Datos en su \u201cGu\u00eda sobre el uso de las cookies\u201d y obtener m\u00e1s informaci\u00f3n sobre las cookies en Internet,\u00a0<a style=\"color: #000000;\" href=\"https:\/\/www.aboutcookies.org\/\" target=\"_blank\" rel=\"noopener\">aboutcookies.org<\/a><\/span><\/p><p><span style=\"color: #000000;\">Si desea tener un mayor control sobre la instalaci\u00f3n de cookies, puede instalar programas o complementos a su navegador, conocidos como herramientas de \u201cDo Not Track\u201d, que le permitir\u00e1n escoger aquellas cookies que desea permitir.<\/span><\/p><p><span style=\"color: #000000;\">Esta pol\u00edtica de cookies ha sido actualizada por \u00faltima vez el 15-10-2020.<\/span><\/p><\/div><\/div>\t\t\t\t\t\t\t\t<\/div>\n\t\t\t\t<\/div>\n\t\t\t\t\t<\/div>\n\t\t\t\t<\/div>\n\t\t\t\t<\/div>\n\t\t","protected":false},"excerpt":{"rendered":"<p>Pol\u00edtica de Cookies En esta web recopilo y utilizo la informaci\u00f3n seg\u00fan indico en mi pol\u00edtica de privacidad. Una de las formas en las que recopil\u00f3 informaci\u00f3n es a trav\u00e9s del uso de la tecnolog\u00eda llamada \u201ccookies\u201d. En Irene Parejo, se utilizan cookies para varias cosas. \u00bfQu\u00e9 es una cookie? Las cookies son peque\u00f1os archivos [&hellip;]<\/p>\n","protected":false},"author":1,"featured_media":0,"parent":0,"menu_order":0,"comment_status":"closed","ping_status":"closed","template":"elementor_header_footer","meta":{"footnotes":""},"class_list":["post-4025","page","type-page","status-publish","hentry"],"_links":{"self":[{"href":"https:\/\/posicionati.com\/en\/wp-json\/wp\/v2\/pages\/4025","targetHints":{"allow":["GET"]}}],"collection":[{"href":"https:\/\/posicionati.com\/en\/wp-json\/wp\/v2\/pages"}],"about":[{"href":"https:\/\/posicionati.com\/en\/wp-json\/wp\/v2\/types\/page"}],"author":[{"embeddable":true,"href":"https:\/\/posicionati.com\/en\/wp-json\/wp\/v2\/users\/1"}],"replies":[{"embeddable":true,"href":"https:\/\/posicionati.com\/en\/wp-json\/wp\/v2\/comments?post=4025"}],"version-history":[{"count":5,"href":"https:\/\/posicionati.com\/en\/wp-json\/wp\/v2\/pages\/4025\/revisions"}],"predecessor-version":[{"id":5393,"href":"https:\/\/posicionati.com\/en\/wp-json\/wp\/v2\/pages\/4025\/revisions\/5393"}],"wp:attachment":[{"href":"https:\/\/posicionati.com\/en\/wp-json\/wp\/v2\/media?parent=4025"}],"curies":[{"name":"wp","href":"https:\/\/api.w.org\/{rel}","templated":true}]}}